{"id":563,"date":"2023-04-05T09:54:15","date_gmt":"2023-04-05T09:54:15","guid":{"rendered":"https:\/\/www.batllepackaging.cat\/web\/catalegs\/"},"modified":"2023-11-27T15:11:27","modified_gmt":"2023-11-27T15:11:27","slug":"catalegs","status":"publish","type":"page","link":"https:\/\/www.batllepackaging.cat\/ca\/catalegs\/","title":{"rendered":"Cat\u00e0legs"},"content":{"rendered":"\t\t<div data-elementor-type=\"wp-page\" data-elementor-id=\"563\" class=\"elementor elementor-563 elementor-108\" data-elementor-post-type=\"page\">\n\t\t\t\t\t\t<section data-particle_enable=\"false\" data-particle-mobile-disabled=\"false\" class=\"elementor-section elementor-top-section elementor-element elementor-element-3862fe9 elementor-section-boxed elementor-section-height-default elementor-section-height-default\" data-id=\"3862fe9\" data-element_type=\"section\" data-e-type=\"section\" data-settings=\"{&quot;background_background&quot;:&quot;classic&quot;}\">\n\t\t\t\t\t\t<div class=\"elementor-container elementor-column-gap-default\">\n\t\t\t\t\t<div class=\"elementor-column elementor-col-100 elementor-top-column elementor-element elementor-element-b26d2e9\" data-id=\"b26d2e9\" data-element_type=\"column\" data-e-type=\"column\">\n\t\t\t<div class=\"elementor-widget-wrap elementor-element-populated\">\n\t\t\t\t\t\t<div class=\"elementor-element elementor-element-19e4f09 elementor-widget elementor-widget-heading\" data-id=\"19e4f09\" data-element_type=\"widget\" data-e-type=\"widget\" data-widget_type=\"heading.default\">\n\t\t\t\t<div class=\"elementor-widget-container\">\n\t\t\t\t\t<h2 class=\"elementor-heading-title elementor-size-default\">Cat\u00e0legs<\/h2>\t\t\t\t<\/div>\n\t\t\t\t<\/div>\n\t\t\t\t<div class=\"elementor-element elementor-element-07fcf21 elementor-widget elementor-widget-text-editor\" data-id=\"07fcf21\" data-element_type=\"widget\" data-e-type=\"widget\" data-widget_type=\"text-editor.default\">\n\t\t\t\t<div class=\"elementor-widget-container\">\n\t\t\t\t\t\t\t\t\t<p>Descarregui els cat\u00e0legs en format PDF. <\/p>\n\t\t\t\t\t\t\t\t<\/div>\n\t\t\t\t<\/div>\n\t\t\t\t\t<\/div>\n\t\t<\/div>\n\t\t\t\t\t<\/div>\n\t\t<\/section>\n\t\t\t\t<section data-particle_enable=\"false\" data-particle-mobile-disabled=\"false\" class=\"elementor-section elementor-top-section elementor-element elementor-element-eebfaa5 elementor-section-boxed elementor-section-height-default elementor-section-height-default\" data-id=\"eebfaa5\" data-element_type=\"section\" data-e-type=\"section\" data-settings=\"{&quot;background_background&quot;:&quot;classic&quot;}\">\n\t\t\t\t\t\t<div class=\"elementor-container elementor-column-gap-wide\">\n\t\t\t\t\t<div class=\"elementor-column elementor-col-33 elementor-top-column elementor-element elementor-element-c6c66e2\" data-id=\"c6c66e2\" data-element_type=\"column\" data-e-type=\"column\" data-settings=\"{&quot;background_background&quot;:&quot;classic&quot;}\">\n\t\t\t<div class=\"elementor-widget-wrap elementor-element-populated\">\n\t\t\t\t\t<div class=\"elementor-background-overlay\"><\/div>\n\t\t\t\t\t\t<div class=\"elementor-element elementor-element-d600f60 elementor-widget elementor-widget-image\" data-id=\"d600f60\" data-element_type=\"widget\" data-e-type=\"widget\" data-widget_type=\"image.default\">\n\t\t\t\t<div class=\"elementor-widget-container\">\n\t\t\t\t\t\t\t\t\t\t\t\t\t\t\t\t<a href=\"https:\/\/www.batllepackaging.cat\/web\/wp-content\/uploads\/2023\/04\/BemecoPack_catalogo_Cantoneras-Perfiles.pdf\" target=\"_blank\">\n\t\t\t\t\t\t\t<img fetchpriority=\"high\" decoding=\"async\" width=\"800\" height=\"510\" src=\"https:\/\/www.batllepackaging.cat\/web\/wp-content\/uploads\/2023\/04\/catalogocantoneras-1024x653.jpg\" class=\"attachment-large size-large wp-image-402\" alt=\"\" srcset=\"https:\/\/www.batllepackaging.cat\/web\/wp-content\/uploads\/2023\/04\/catalogocantoneras-1024x653.jpg 1024w, https:\/\/www.batllepackaging.cat\/web\/wp-content\/uploads\/2023\/04\/catalogocantoneras-300x191.jpg 300w, https:\/\/www.batllepackaging.cat\/web\/wp-content\/uploads\/2023\/04\/catalogocantoneras-768x489.jpg 768w, https:\/\/www.batllepackaging.cat\/web\/wp-content\/uploads\/2023\/04\/catalogocantoneras.jpg 1056w\" sizes=\"(max-width: 800px) 100vw, 800px\" \/>\t\t\t\t\t\t\t\t<\/a>\n\t\t\t\t\t\t\t\t\t\t\t\t\t\t\t<\/div>\n\t\t\t\t<\/div>\n\t\t\t\t\t<\/div>\n\t\t<\/div>\n\t\t\t\t<div class=\"elementor-column elementor-col-33 elementor-top-column elementor-element elementor-element-56b3ee2\" data-id=\"56b3ee2\" data-element_type=\"column\" data-e-type=\"column\" data-settings=\"{&quot;background_background&quot;:&quot;classic&quot;}\">\n\t\t\t<div class=\"elementor-widget-wrap elementor-element-populated\">\n\t\t\t\t\t<div class=\"elementor-background-overlay\"><\/div>\n\t\t\t\t\t\t<div class=\"elementor-element elementor-element-e2fe6d0 elementor-widget elementor-widget-image\" data-id=\"e2fe6d0\" data-element_type=\"widget\" data-e-type=\"widget\" data-widget_type=\"image.default\">\n\t\t\t\t<div class=\"elementor-widget-container\">\n\t\t\t\t\t\t\t\t\t\t\t\t\t\t\t\t<a href=\"https:\/\/www.batllepackaging.cat\/web\/wp-content\/uploads\/2023\/04\/BemecoPack_catalogo_Hojas_SLIP-SHEET.pdf\" target=\"_blank\">\n\t\t\t\t\t\t\t<img decoding=\"async\" width=\"800\" height=\"514\" src=\"https:\/\/www.batllepackaging.cat\/web\/wp-content\/uploads\/2023\/04\/Catalogoslipsheet-1024x658.jpg\" class=\"attachment-large size-large wp-image-404\" alt=\"\" srcset=\"https:\/\/www.batllepackaging.cat\/web\/wp-content\/uploads\/2023\/04\/Catalogoslipsheet-1024x658.jpg 1024w, https:\/\/www.batllepackaging.cat\/web\/wp-content\/uploads\/2023\/04\/Catalogoslipsheet-300x193.jpg 300w, https:\/\/www.batllepackaging.cat\/web\/wp-content\/uploads\/2023\/04\/Catalogoslipsheet-768x494.jpg 768w, https:\/\/www.batllepackaging.cat\/web\/wp-content\/uploads\/2023\/04\/Catalogoslipsheet.jpg 1052w\" sizes=\"(max-width: 800px) 100vw, 800px\" \/>\t\t\t\t\t\t\t\t<\/a>\n\t\t\t\t\t\t\t\t\t\t\t\t\t\t\t<\/div>\n\t\t\t\t<\/div>\n\t\t\t\t\t<\/div>\n\t\t<\/div>\n\t\t\t\t<div class=\"elementor-column elementor-col-33 elementor-top-column elementor-element elementor-element-dd72348\" data-id=\"dd72348\" data-element_type=\"column\" data-e-type=\"column\" data-settings=\"{&quot;background_background&quot;:&quot;classic&quot;}\">\n\t\t\t<div class=\"elementor-widget-wrap elementor-element-populated\">\n\t\t\t\t\t<div class=\"elementor-background-overlay\"><\/div>\n\t\t\t\t\t\t<div class=\"elementor-element elementor-element-a690ec4 elementor-widget elementor-widget-image\" data-id=\"a690ec4\" data-element_type=\"widget\" data-e-type=\"widget\" data-widget_type=\"image.default\">\n\t\t\t\t<div class=\"elementor-widget-container\">\n\t\t\t\t\t\t\t\t\t\t\t\t\t\t\t\t<a href=\"https:\/\/www.batllepackaging.cat\/web\/wp-content\/uploads\/2023\/04\/Presentacio\u2560un-TECHNOMEDIA.pdf\" target=\"_blank\">\n\t\t\t\t\t\t\t<img decoding=\"async\" width=\"800\" height=\"509\" src=\"https:\/\/www.batllepackaging.cat\/web\/wp-content\/uploads\/2023\/04\/CatalogoTechnomedia.jpg\" class=\"attachment-large size-large wp-image-405\" alt=\"\" srcset=\"https:\/\/www.batllepackaging.cat\/web\/wp-content\/uploads\/2023\/04\/CatalogoTechnomedia.jpg 957w, https:\/\/www.batllepackaging.cat\/web\/wp-content\/uploads\/2023\/04\/CatalogoTechnomedia-300x191.jpg 300w, https:\/\/www.batllepackaging.cat\/web\/wp-content\/uploads\/2023\/04\/CatalogoTechnomedia-768x489.jpg 768w\" sizes=\"(max-width: 800px) 100vw, 800px\" \/>\t\t\t\t\t\t\t\t<\/a>\n\t\t\t\t\t\t\t\t\t\t\t\t\t\t\t<\/div>\n\t\t\t\t<\/div>\n\t\t\t\t\t<\/div>\n\t\t<\/div>\n\t\t\t\t\t<\/div>\n\t\t<\/section>\n\t\t\t\t<section data-particle_enable=\"false\" data-particle-mobile-disabled=\"false\" class=\"elementor-section elementor-top-section elementor-element elementor-element-5ee9caf elementor-section-boxed elementor-section-height-default elementor-section-height-default\" data-id=\"5ee9caf\" data-element_type=\"section\" data-e-type=\"section\" data-settings=\"{&quot;background_background&quot;:&quot;classic&quot;}\">\n\t\t\t\t\t\t<div class=\"elementor-container elementor-column-gap-wide\">\n\t\t\t\t\t<div class=\"elementor-column elementor-col-33 elementor-top-column elementor-element elementor-element-c0d1057\" data-id=\"c0d1057\" data-element_type=\"column\" data-e-type=\"column\" data-settings=\"{&quot;background_background&quot;:&quot;classic&quot;}\">\n\t\t\t<div class=\"elementor-widget-wrap elementor-element-populated\">\n\t\t\t\t\t<div class=\"elementor-background-overlay\"><\/div>\n\t\t\t\t\t\t<div class=\"elementor-element elementor-element-6514420 elementor-widget elementor-widget-image\" data-id=\"6514420\" data-element_type=\"widget\" data-e-type=\"widget\" data-widget_type=\"image.default\">\n\t\t\t\t<div class=\"elementor-widget-container\">\n\t\t\t\t\t\t\t\t\t\t\t\t\t\t\t\t<a href=\"https:\/\/www.batllepackaging.cat\/web\/wp-content\/uploads\/2023\/04\/Presentacio\u2560un-GRAFICAS-DIGRAF-ES_2020.pdf\" target=\"_blank\">\n\t\t\t\t\t\t\t<img loading=\"lazy\" decoding=\"async\" width=\"800\" height=\"510\" src=\"https:\/\/www.batllepackaging.cat\/web\/wp-content\/uploads\/2023\/04\/catalogodigraf.jpg\" class=\"attachment-large size-large wp-image-403\" alt=\"\" srcset=\"https:\/\/www.batllepackaging.cat\/web\/wp-content\/uploads\/2023\/04\/catalogodigraf.jpg 956w, https:\/\/www.batllepackaging.cat\/web\/wp-content\/uploads\/2023\/04\/catalogodigraf-300x191.jpg 300w, https:\/\/www.batllepackaging.cat\/web\/wp-content\/uploads\/2023\/04\/catalogodigraf-768x489.jpg 768w\" sizes=\"(max-width: 800px) 100vw, 800px\" \/>\t\t\t\t\t\t\t\t<\/a>\n\t\t\t\t\t\t\t\t\t\t\t\t\t\t\t<\/div>\n\t\t\t\t<\/div>\n\t\t\t\t\t<\/div>\n\t\t<\/div>\n\t\t\t\t<div class=\"elementor-column elementor-col-33 elementor-top-column elementor-element elementor-element-96581c9\" data-id=\"96581c9\" data-element_type=\"column\" data-e-type=\"column\" data-settings=\"{&quot;background_background&quot;:&quot;classic&quot;}\">\n\t\t\t<div class=\"elementor-widget-wrap elementor-element-populated\">\n\t\t\t\t\t<div class=\"elementor-background-overlay\"><\/div>\n\t\t\t\t\t\t<div class=\"elementor-element elementor-element-0e1a7e1 elementor-widget elementor-widget-image\" data-id=\"0e1a7e1\" data-element_type=\"widget\" data-e-type=\"widget\" data-widget_type=\"image.default\">\n\t\t\t\t<div class=\"elementor-widget-container\">\n\t\t\t\t\t\t\t\t\t\t\t\t\t\t\t\t<a href=\"https:\/\/www.batllepackaging.cat\/web\/wp-content\/uploads\/2023\/04\/PRESENTACIO\u2560uINDUSTRIALPACK-.pdf\" target=\"_blank\">\n\t\t\t\t\t\t\t<img loading=\"lazy\" decoding=\"async\" width=\"1274\" height=\"716\" src=\"https:\/\/www.batllepackaging.cat\/web\/wp-content\/uploads\/2023\/04\/font.jpg\" class=\"attachment-full size-full wp-image-406\" alt=\"\" srcset=\"https:\/\/www.batllepackaging.cat\/web\/wp-content\/uploads\/2023\/04\/font.jpg 1274w, https:\/\/www.batllepackaging.cat\/web\/wp-content\/uploads\/2023\/04\/font-300x169.jpg 300w, https:\/\/www.batllepackaging.cat\/web\/wp-content\/uploads\/2023\/04\/font-1024x575.jpg 1024w, https:\/\/www.batllepackaging.cat\/web\/wp-content\/uploads\/2023\/04\/font-768x432.jpg 768w\" sizes=\"(max-width: 1274px) 100vw, 1274px\" \/>\t\t\t\t\t\t\t\t<\/a>\n\t\t\t\t\t\t\t\t\t\t\t\t\t\t\t<\/div>\n\t\t\t\t<\/div>\n\t\t\t\t\t<\/div>\n\t\t<\/div>\n\t\t\t\t<div class=\"elementor-column elementor-col-33 elementor-top-column elementor-element elementor-element-0e101c7\" data-id=\"0e101c7\" data-element_type=\"column\" data-e-type=\"column\" data-settings=\"{&quot;background_background&quot;:&quot;classic&quot;}\">\n\t\t\t<div class=\"elementor-widget-wrap elementor-element-populated\">\n\t\t\t\t\t<div class=\"elementor-background-overlay\"><\/div>\n\t\t\t\t\t\t<div class=\"elementor-element elementor-element-cb646c8 elementor-widget elementor-widget-image\" data-id=\"cb646c8\" data-element_type=\"widget\" data-e-type=\"widget\" data-widget_type=\"image.default\">\n\t\t\t\t<div class=\"elementor-widget-container\">\n\t\t\t\t\t\t\t\t\t\t\t\t\t\t\t\t<a href=\"https:\/\/www.batllepackaging.cat\/web\/wp-content\/uploads\/2023\/11\/SOLUCIONES-DE-EMBALAJE_V2-copia.pdf\" target=\"_blank\">\n\t\t\t\t\t\t\t<img loading=\"lazy\" decoding=\"async\" width=\"625\" height=\"919\" src=\"https:\/\/www.batllepackaging.cat\/web\/wp-content\/uploads\/2023\/11\/batlle-packaging-embalaje-de-producto.png\" class=\"attachment-full size-full wp-image-615\" alt=\"\" srcset=\"https:\/\/www.batllepackaging.cat\/web\/wp-content\/uploads\/2023\/11\/batlle-packaging-embalaje-de-producto.png 625w, https:\/\/www.batllepackaging.cat\/web\/wp-content\/uploads\/2023\/11\/batlle-packaging-embalaje-de-producto-204x300.png 204w\" sizes=\"(max-width: 625px) 100vw, 625px\" \/>\t\t\t\t\t\t\t\t<\/a>\n\t\t\t\t\t\t\t\t\t\t\t\t\t\t\t<\/div>\n\t\t\t\t<\/div>\n\t\t\t\t\t<\/div>\n\t\t<\/div>\n\t\t\t\t\t<\/div>\n\t\t<\/section>\n\t\t\t\t<section data-particle_enable=\"false\" data-particle-mobile-disabled=\"false\" class=\"elementor-section elementor-top-section elementor-element elementor-element-9bb155d elementor-section-boxed elementor-section-height-default elementor-section-height-default\" data-id=\"9bb155d\" data-element_type=\"section\" data-e-type=\"section\" data-settings=\"{&quot;background_background&quot;:&quot;classic&quot;,&quot;shape_divider_top&quot;:&quot;opacity-tilt&quot;,&quot;shape_divider_bottom&quot;:&quot;opacity-tilt&quot;}\">\n\t\t\t\t\t<div class=\"elementor-shape elementor-shape-top\" aria-hidden=\"true\" data-negative=\"false\">\n\t\t\t<svg xmlns=\"http:\/\/www.w3.org\/2000\/svg\" viewBox=\"0 0 2600 131.1\" preserveAspectRatio=\"none\">\n\t<path class=\"elementor-shape-fill\" d=\"M0 0L2600 0 2600 69.1 0 0z\"\/>\n\t<path class=\"elementor-shape-fill\" style=\"opacity:0.5\" d=\"M0 0L2600 0 2600 69.1 0 69.1z\"\/>\n\t<path class=\"elementor-shape-fill\" style=\"opacity:0.25\" d=\"M2600 0L0 0 0 130.1 2600 69.1z\"\/>\n<\/svg>\t\t<\/div>\n\t\t\t\t<div class=\"elementor-shape elementor-shape-bottom\" aria-hidden=\"true\" data-negative=\"false\">\n\t\t\t<svg xmlns=\"http:\/\/www.w3.org\/2000\/svg\" viewBox=\"0 0 2600 131.1\" preserveAspectRatio=\"none\">\n\t<path class=\"elementor-shape-fill\" d=\"M0 0L2600 0 2600 69.1 0 0z\"\/>\n\t<path class=\"elementor-shape-fill\" style=\"opacity:0.5\" d=\"M0 0L2600 0 2600 69.1 0 69.1z\"\/>\n\t<path class=\"elementor-shape-fill\" style=\"opacity:0.25\" d=\"M2600 0L0 0 0 130.1 2600 69.1z\"\/>\n<\/svg>\t\t<\/div>\n\t\t\t\t\t<div class=\"elementor-container elementor-column-gap-no\">\n\t\t\t\t\t<div class=\"elementor-column elementor-col-100 elementor-top-column elementor-element elementor-element-8cbe7f9\" data-id=\"8cbe7f9\" data-element_type=\"column\" data-e-type=\"column\">\n\t\t\t<div class=\"elementor-widget-wrap\">\n\t\t\t\t\t\t\t<\/div>\n\t\t<\/div>\n\t\t\t\t\t<\/div>\n\t\t<\/section>\n\t\t\t\t<\/div>\n\t\t","protected":false},"excerpt":{"rendered":"<p>Cat\u00e0legs Descarregui els cat\u00e0legs en format PDF.<\/p>\n","protected":false},"author":3,"featured_media":0,"parent":0,"menu_order":0,"comment_status":"closed","ping_status":"closed","template":"","meta":{"_joinchat":[],"footnotes":""},"class_list":["post-563","page","type-page","status-publish","hentry"],"yoast_head":"<!-- This site is optimized with the Yoast SEO plugin v26.9 - https:\/\/yoast.com\/product\/yoast-seo-wordpress\/ -->\n<title>Batlle Packaging - T\u00e8cnic comercial en packaging<\/title>\n<meta name=\"description\" content=\"Batlle Packaging - Solucions d&#039;embalatge per a alimentaci\u00f3 i begudes, automoci\u00f3, ind\u00fastria i log\u00edstica. T\u00e8cnic comercial en packaging.\" \/>\n<meta name=\"robots\" content=\"index, follow, max-snippet:-1, max-image-preview:large, max-video-preview:-1\" \/>\n<link rel=\"canonical\" href=\"https:\/\/www.batllepackaging.cat\/ca\/catalegs\/\" \/>\n<meta property=\"og:locale\" content=\"ca_ES\" \/>\n<meta property=\"og:type\" content=\"article\" \/>\n<meta property=\"og:title\" content=\"Batlle Packaging - T\u00e8cnic comercial en packaging\" \/>\n<meta property=\"og:description\" content=\"Batlle Packaging - Solucions d&#039;embalatge per a alimentaci\u00f3 i begudes, automoci\u00f3, ind\u00fastria i log\u00edstica. T\u00e8cnic comercial en packaging.\" \/>\n<meta property=\"og:url\" content=\"https:\/\/www.batllepackaging.cat\/ca\/catalegs\/\" \/>\n<meta property=\"og:site_name\" content=\"Batlle Packaging\" \/>\n<meta property=\"article:modified_time\" content=\"2023-11-27T15:11:27+00:00\" \/>\n<meta property=\"og:image\" content=\"https:\/\/www.batllepackaging.cat\/web\/wp-content\/uploads\/2023\/04\/catalogocantoneras-1024x653.jpg\" \/>\n<meta name=\"twitter:card\" content=\"summary_large_image\" \/>\n<script type=\"application\/ld+json\" class=\"yoast-schema-graph\">{\"@context\":\"https:\/\/schema.org\",\"@graph\":[{\"@type\":\"WebPage\",\"@id\":\"https:\/\/www.batllepackaging.cat\/ca\/catalegs\/\",\"url\":\"https:\/\/www.batllepackaging.cat\/ca\/catalegs\/\",\"name\":\"Batlle Packaging - T\u00e8cnic comercial en packaging\",\"isPartOf\":{\"@id\":\"https:\/\/www.batllepackaging.cat\/#website\"},\"primaryImageOfPage\":{\"@id\":\"https:\/\/www.batllepackaging.cat\/ca\/catalegs\/#primaryimage\"},\"image\":{\"@id\":\"https:\/\/www.batllepackaging.cat\/ca\/catalegs\/#primaryimage\"},\"thumbnailUrl\":\"https:\/\/www.batllepackaging.cat\/web\/wp-content\/uploads\/2023\/04\/catalogocantoneras-1024x653.jpg\",\"datePublished\":\"2023-04-05T09:54:15+00:00\",\"dateModified\":\"2023-11-27T15:11:27+00:00\",\"description\":\"Batlle Packaging - Solucions d'embalatge per a alimentaci\u00f3 i begudes, automoci\u00f3, ind\u00fastria i log\u00edstica. T\u00e8cnic comercial en packaging.\",\"breadcrumb\":{\"@id\":\"https:\/\/www.batllepackaging.cat\/ca\/catalegs\/#breadcrumb\"},\"inLanguage\":\"ca\",\"potentialAction\":[{\"@type\":\"ReadAction\",\"target\":[\"https:\/\/www.batllepackaging.cat\/ca\/catalegs\/\"]}]},{\"@type\":\"ImageObject\",\"inLanguage\":\"ca\",\"@id\":\"https:\/\/www.batllepackaging.cat\/ca\/catalegs\/#primaryimage\",\"url\":\"https:\/\/www.batllepackaging.cat\/web\/wp-content\/uploads\/2023\/04\/catalogocantoneras-1024x653.jpg\",\"contentUrl\":\"https:\/\/www.batllepackaging.cat\/web\/wp-content\/uploads\/2023\/04\/catalogocantoneras-1024x653.jpg\"},{\"@type\":\"BreadcrumbList\",\"@id\":\"https:\/\/www.batllepackaging.cat\/ca\/catalegs\/#breadcrumb\",\"itemListElement\":[{\"@type\":\"ListItem\",\"position\":1,\"name\":\"Portada\",\"item\":\"https:\/\/www.batllepackaging.cat\/\"},{\"@type\":\"ListItem\",\"position\":2,\"name\":\"Cat\u00e0legs\"}]},{\"@type\":\"WebSite\",\"@id\":\"https:\/\/www.batllepackaging.cat\/#website\",\"url\":\"https:\/\/www.batllepackaging.cat\/\",\"name\":\"Batlle Packaging\",\"description\":\"\",\"publisher\":{\"@id\":\"https:\/\/www.batllepackaging.cat\/#organization\"},\"potentialAction\":[{\"@type\":\"SearchAction\",\"target\":{\"@type\":\"EntryPoint\",\"urlTemplate\":\"https:\/\/www.batllepackaging.cat\/?s={search_term_string}\"},\"query-input\":{\"@type\":\"PropertyValueSpecification\",\"valueRequired\":true,\"valueName\":\"search_term_string\"}}],\"inLanguage\":\"ca\"},{\"@type\":\"Organization\",\"@id\":\"https:\/\/www.batllepackaging.cat\/#organization\",\"name\":\"Batlle Packaging\",\"url\":\"https:\/\/www.batllepackaging.cat\/\",\"logo\":{\"@type\":\"ImageObject\",\"inLanguage\":\"ca\",\"@id\":\"https:\/\/www.batllepackaging.cat\/#\/schema\/logo\/image\/\",\"url\":\"https:\/\/www.batllepackaging.cat\/web\/wp-content\/uploads\/2023\/03\/logoBatllePackaging.png\",\"contentUrl\":\"https:\/\/www.batllepackaging.cat\/web\/wp-content\/uploads\/2023\/03\/logoBatllePackaging.png\",\"width\":1444,\"height\":252,\"caption\":\"Batlle Packaging\"},\"image\":{\"@id\":\"https:\/\/www.batllepackaging.cat\/#\/schema\/logo\/image\/\"}}]}<\/script>\n<!-- \/ Yoast SEO plugin. -->","yoast_head_json":{"title":"Batlle Packaging - T\u00e8cnic comercial en packaging","description":"Batlle Packaging - Solucions d'embalatge per a alimentaci\u00f3 i begudes, automoci\u00f3, ind\u00fastria i log\u00edstica. T\u00e8cnic comercial en packaging.","robots":{"index":"index","follow":"follow","max-snippet":"max-snippet:-1","max-image-preview":"max-image-preview:large","max-video-preview":"max-video-preview:-1"},"canonical":"https:\/\/www.batllepackaging.cat\/ca\/catalegs\/","og_locale":"ca_ES","og_type":"article","og_title":"Batlle Packaging - T\u00e8cnic comercial en packaging","og_description":"Batlle Packaging - Solucions d'embalatge per a alimentaci\u00f3 i begudes, automoci\u00f3, ind\u00fastria i log\u00edstica. T\u00e8cnic comercial en packaging.","og_url":"https:\/\/www.batllepackaging.cat\/ca\/catalegs\/","og_site_name":"Batlle Packaging","article_modified_time":"2023-11-27T15:11:27+00:00","og_image":[{"url":"https:\/\/www.batllepackaging.cat\/web\/wp-content\/uploads\/2023\/04\/catalogocantoneras-1024x653.jpg","type":"","width":"","height":""}],"twitter_card":"summary_large_image","schema":{"@context":"https:\/\/schema.org","@graph":[{"@type":"WebPage","@id":"https:\/\/www.batllepackaging.cat\/ca\/catalegs\/","url":"https:\/\/www.batllepackaging.cat\/ca\/catalegs\/","name":"Batlle Packaging - T\u00e8cnic comercial en packaging","isPartOf":{"@id":"https:\/\/www.batllepackaging.cat\/#website"},"primaryImageOfPage":{"@id":"https:\/\/www.batllepackaging.cat\/ca\/catalegs\/#primaryimage"},"image":{"@id":"https:\/\/www.batllepackaging.cat\/ca\/catalegs\/#primaryimage"},"thumbnailUrl":"https:\/\/www.batllepackaging.cat\/web\/wp-content\/uploads\/2023\/04\/catalogocantoneras-1024x653.jpg","datePublished":"2023-04-05T09:54:15+00:00","dateModified":"2023-11-27T15:11:27+00:00","description":"Batlle Packaging - Solucions d'embalatge per a alimentaci\u00f3 i begudes, automoci\u00f3, ind\u00fastria i log\u00edstica. T\u00e8cnic comercial en packaging.","breadcrumb":{"@id":"https:\/\/www.batllepackaging.cat\/ca\/catalegs\/#breadcrumb"},"inLanguage":"ca","potentialAction":[{"@type":"ReadAction","target":["https:\/\/www.batllepackaging.cat\/ca\/catalegs\/"]}]},{"@type":"ImageObject","inLanguage":"ca","@id":"https:\/\/www.batllepackaging.cat\/ca\/catalegs\/#primaryimage","url":"https:\/\/www.batllepackaging.cat\/web\/wp-content\/uploads\/2023\/04\/catalogocantoneras-1024x653.jpg","contentUrl":"https:\/\/www.batllepackaging.cat\/web\/wp-content\/uploads\/2023\/04\/catalogocantoneras-1024x653.jpg"},{"@type":"BreadcrumbList","@id":"https:\/\/www.batllepackaging.cat\/ca\/catalegs\/#breadcrumb","itemListElement":[{"@type":"ListItem","position":1,"name":"Portada","item":"https:\/\/www.batllepackaging.cat\/"},{"@type":"ListItem","position":2,"name":"Cat\u00e0legs"}]},{"@type":"WebSite","@id":"https:\/\/www.batllepackaging.cat\/#website","url":"https:\/\/www.batllepackaging.cat\/","name":"Batlle Packaging","description":"","publisher":{"@id":"https:\/\/www.batllepackaging.cat\/#organization"},"potentialAction":[{"@type":"SearchAction","target":{"@type":"EntryPoint","urlTemplate":"https:\/\/www.batllepackaging.cat\/?s={search_term_string}"},"query-input":{"@type":"PropertyValueSpecification","valueRequired":true,"valueName":"search_term_string"}}],"inLanguage":"ca"},{"@type":"Organization","@id":"https:\/\/www.batllepackaging.cat\/#organization","name":"Batlle Packaging","url":"https:\/\/www.batllepackaging.cat\/","logo":{"@type":"ImageObject","inLanguage":"ca","@id":"https:\/\/www.batllepackaging.cat\/#\/schema\/logo\/image\/","url":"https:\/\/www.batllepackaging.cat\/web\/wp-content\/uploads\/2023\/03\/logoBatllePackaging.png","contentUrl":"https:\/\/www.batllepackaging.cat\/web\/wp-content\/uploads\/2023\/03\/logoBatllePackaging.png","width":1444,"height":252,"caption":"Batlle Packaging"},"image":{"@id":"https:\/\/www.batllepackaging.cat\/#\/schema\/logo\/image\/"}}]}},"_links":{"self":[{"href":"https:\/\/www.batllepackaging.cat\/ca\/wp-json\/wp\/v2\/pages\/563","targetHints":{"allow":["GET"]}}],"collection":[{"href":"https:\/\/www.batllepackaging.cat\/ca\/wp-json\/wp\/v2\/pages"}],"about":[{"href":"https:\/\/www.batllepackaging.cat\/ca\/wp-json\/wp\/v2\/types\/page"}],"author":[{"embeddable":true,"href":"https:\/\/www.batllepackaging.cat\/ca\/wp-json\/wp\/v2\/users\/3"}],"replies":[{"embeddable":true,"href":"https:\/\/www.batllepackaging.cat\/ca\/wp-json\/wp\/v2\/comments?post=563"}],"version-history":[{"count":6,"href":"https:\/\/www.batllepackaging.cat\/ca\/wp-json\/wp\/v2\/pages\/563\/revisions"}],"predecessor-version":[{"id":653,"href":"https:\/\/www.batllepackaging.cat\/ca\/wp-json\/wp\/v2\/pages\/563\/revisions\/653"}],"wp:attachment":[{"href":"https:\/\/www.batllepackaging.cat\/ca\/wp-json\/wp\/v2\/media?parent=563"}],"curies":[{"name":"wp","href":"https:\/\/api.w.org\/{rel}","templated":true}]}}