{"id":452,"date":"2023-04-28T08:28:34","date_gmt":"2023-04-28T08:28:34","guid":{"rendered":"https:\/\/www.batllepackaging.cat\/web\/politica-de-cookies\/"},"modified":"2023-11-29T07:08:32","modified_gmt":"2023-11-29T07:08:32","slug":"politica-de-cookies","status":"publish","type":"page","link":"https:\/\/www.batllepackaging.cat\/ca\/politica-de-cookies\/","title":{"rendered":"Pol\u00edtica de cookies"},"content":{"rendered":"\n<p><strong>Qu\u00e8 s\u00f3n les cookies?<\/strong><\/p>\n\n<p>Les cookies s\u00f3n petits arxius de dades que es reben en el terminal des del lloc web visitat i s&#8217;usen per a registrar certes interaccions de la navegaci\u00f3 en un lloc web emmagatzemant dades que podran ser actualitzats i recuperats. Aquests arxius s&#8217;emmagatzemen en l&#8217;ordinador de l&#8217;usuari i cont\u00e9 dades an\u00f2nimes que no s\u00f3n perjudicials per al seu equip. S&#8217;utilitzen per a recordar les prefer\u00e8ncies de l&#8217;usuari, com l&#8217;idioma seleccionat, dades d&#8217;acc\u00e9s o personalitzaci\u00f3 de la p\u00e0gina.<\/p>\n\n<p>Les Cookies tamb\u00e9 poden ser utilitzades per a registrar informaci\u00f3 an\u00f2nima sobre com un visitant utilitza un lloc. Per exemple, des de quina p\u00e0gina Web ha accedit, o si ha utilitzat un &#8220;b\u00e0ner&#8221; publicitari per a arribar.<\/p>\n\n<p><strong>Quin \u00fas li donem als diferents tipus de cookies?<\/strong><\/p>\n\n<p><strong>Segons la seva finalitat:<\/strong><\/p>\n\n<figure class=\"wp-block-table\"><table><tbody><tr><td><strong> <\/strong> <strong> <\/strong> <strong> <\/strong> <strong> <\/strong> <strong>Cookies t\u00e8cniques<\/strong><strong><\/strong><\/td><td> Les cookies t\u00e8cniques s\u00f3n aquelles faciliten la navegaci\u00f3 de l&#8217;usuari i la utilitzaci\u00f3 de les diferents opcions o serveis que ofereix la web com identificar la sessi\u00f3, permetre l&#8217;acc\u00e9s a determinades \u00e0rees, facilitar comandes, compres, emplenament de formularis, inscripcions, seguretat, facilitar funcionalitats (v\u00eddeos, xarxes socials\u2026). <\/td><\/tr><tr><td><strong> <\/strong> <strong> <\/strong> <strong>Cookies de personalitzaci\u00f3<\/strong><\/td><td> Les cookies de personalitzaci\u00f3 permeten a l&#8217;usuari accedir als serveis segons les seves prefer\u00e8ncies (idioma, navegador, configuraci\u00f3\u2026). <\/td><\/tr><tr><td><strong> <\/strong> <strong> <\/strong> <strong>Cookies anal\u00edtiques<\/strong><strong><\/strong><\/td><td> Les cookies d&#8217;an\u00e0lisis s\u00f3n les utilitzades per a dur a terme l&#8217;an\u00e0lisi an\u00f2nima del comportament dels usuaris de la web i que permeten mesurar l&#8217;activitat de l&#8217;usuari i elaborar perfils de navegaci\u00f3 amb la fi objectiva de millorar els llocs web. <\/td><\/tr><tr><td><strong> <\/strong> <strong> <\/strong> <strong> <\/strong> <strong> <\/strong> <strong>Cookies publicit\u00e0ries<\/strong><\/td><td> Les cookies publicit\u00e0ries permeten la gesti\u00f3 dels espais publicitaris de la web. A m\u00e9s, aquestes cookies poden ser de publicitat personalitzada i permetre aix\u00ed la gesti\u00f3 dels espais publicitaris de la web sobre la base del comportament i h\u00e0bits de navegaci\u00f3 d&#8217;usuari, d&#8217;on s&#8217;obt\u00e9 el seu perfil i permeten personalitzar la publicitat que es mostra en el navegador de l&#8217;usuari o altres perfils i xarxes socials de l&#8217;usuari. <\/td><\/tr><\/tbody><\/table><\/figure>\n\n<p><strong>Segons el seu termini<\/strong><\/p>\n\n<figure class=\"wp-block-table\"><table><tbody><tr><td><strong> <\/strong> <strong>Cookies de sessi\u00f3<\/strong><strong><\/strong><\/td><td> Les cookies de sessi\u00f3 s\u00f3n aquelles que duren el temps que l&#8217;usuari est\u00e0 navegant per la p\u00e0gina Web i s&#8217;esborren en tancar el navegador. <\/td><\/tr><tr><td><strong> <\/strong> <strong> <\/strong> <strong>Cookies persistents<\/strong><\/td><td> Aquestes cookies queden emmagatzemades en el terminal de l&#8217;usuari fins que s\u00f3n eliminades manualment o hagi concl\u00f2s el per\u00edode de durada establert per a aquesta cookie. <\/td><\/tr><\/tbody><\/table><\/figure>\n\n<p><strong>Segons la seva titularitat:<\/strong><\/p>\n\n<figure class=\"wp-block-table\"><table><tbody><tr><td><strong> <\/strong> <strong>Cookies pr\u00f2pies<\/strong><strong><\/strong><\/td><td> Aquelles que s&#8217;envien a l&#8217;equip terminal de l&#8217;usuari des d&#8217;un equip o domini gestionat pel propi editor i des del qual es presta el servei sol\u00b7licitat per l&#8217;usuari. <\/td><\/tr><tr><td><strong> <\/strong> <strong> <\/strong> <strong>Cookies de tercers<\/strong><\/td><td> Aquelles que s&#8217;envien a l&#8217;equip terminal de l&#8217;usuari des d&#8217;un equip o domini que no \u00e9s gestionat per l&#8217;editor, sin\u00f3 per una altra entitat que tracta les dades obtingudes trav\u00e9s de les cookies.<\/td><\/tr><\/tbody><\/table><\/figure>\n\n<p><strong>La seg\u00fcent taula recull la classificaci\u00f3 i descripci\u00f3 de les cookies utilitzades en la present p\u00e0gina web perqu\u00e8 puguis identificar-les en el teu navegador:<\/strong><\/p>\n\n<figure class=\"wp-block-table\"><table><tbody><tr><td><strong>Nom<\/strong><\/td><td><strong>Titular<\/strong><strong><\/strong><\/td><td><strong>Datos recaptades<\/strong><strong><\/strong><\/td><td><strong>Finalitat<\/strong><strong><\/strong><\/td><td><strong>Durada<\/strong><strong><\/strong><\/td><\/tr><tr><td><strong><em>_ga, _gid, _gat &amp; _gat_UA-[ID]<\/em><\/strong><strong><em><\/em><\/strong><\/td><td><em>Cookie pr\u00f2pia \/ Cookie de tercers<\/em><\/td><td><em>Sessions de los visitants.<\/em><\/td><td><em>Anal\u00edtica.<\/em><\/td><td>_ga: 2 a\u00f1os. _gid; 1 d\u00eda. _gat: 1 minuto. _<strong>_<\/strong>gat_UA-[ID]: 1 minuto. Per a m\u00e9s informaci\u00f3: <a href=\"https:\/\/policies.google.com\/technologies\/cookies\">Pol\u00edtica de Cookies de Google<\/a>  <\/td><\/tr><\/tbody><\/table><\/figure>\n\n<p><strong>BATLLE PACKING utilitza cookies t\u00e8cniques, de personalitzaci\u00f3, d&#8217;an\u00e0lisi, pr\u00f2pies i de tercers, que tracten dades de connexi\u00f3 i\/o del dispositiu, aix\u00ed com h\u00e0bits de navegaci\u00f3 per a fins estad\u00edstiques.<\/strong><\/p>\n\n<p>Per aix\u00f2, al accedir a la nostra web, en compliment de l\u2019article 22 de la Llei de Serveis de la Societat de la Informaci\u00f3 li hem sol\u00b7licitat el seu consentiment per al seu \u00fas.<\/p>\n\n<p>El subministrament de dades personals a trav\u00e9s del nostre portal i el consentiment per a l\u2019\u00fas de cookies requereix una edat m\u00ednima de 14 anys i l\u2019acceptaci\u00f3 expressa de la nostra Pol\u00edtica de Privacitat.<\/p>\n\n<p><strong>De totes maneres, li informem que pot activar o desactivar les cookies seguint les instruccions del seu navegador d\u2019Internet:<\/strong><\/p>\n\n<figure class=\"wp-block-table\"><table><tbody><tr><td><strong>Chrome<\/strong> <strong> <\/strong><\/td><td>Configuraci\u00f3 \ud83e\udc6a Mostrar opcions avan\u00e7ades \ud83e\udc6a Privacitat \ud83e\udc6a Configuraci\u00f3 de contingut.<\/td><td><a href=\"file:\/\/\/C:\/Users\/javierdelamora\/Dropbox%20(Lant%20Abogados)\/DOCUMENTACION\/22.%20REGLAMENTO%20EUROPEO%20lopd\/DOCUMENTACI%C3%93N%20PRESENCIALES\/Guies\/COOKIES\/support.google.com\">support.google.com<\/a>  <\/td><td>\u00a0<\/td><\/tr><tr><td><strong> <\/strong> <strong>Firefox<\/strong> <strong> <\/strong><\/td><td>Eines\ud83e\udc6a Opcions \ud83e\udc6a Privacitat \ud83e\udc6a Historial \ud83e\udc6a Configuraci\u00f3 Personalitzada.<\/td><td><a href=\"file:\/\/\/C:\/Users\/javierdelamora\/Dropbox%20(Lant%20Abogados)\/DOCUMENTACION\/22.%20REGLAMENTO%20EUROPEO%20lopd\/DOCUMENTACI%C3%93N%20PRESENCIALES\/Guies\/COOKIES\/support.mozilla.org\">support.mozilla.org<\/a><\/td><td>\u00a0<\/td><\/tr><tr><td><strong>Internet Explorer<\/strong><strong><\/strong> <strong> <\/strong><\/td><td> Eines \ud83e\udc6a Opcions d\u2019Internet \ud83e\udc6a Privacitat \ud83e\udc6a Configuraci\u00f3. <\/td><td><a href=\"file:\/\/\/C:\/Users\/javierdelamora\/Dropbox%20(Lant%20Abogados)\/DOCUMENTACION\/22.%20REGLAMENTO%20EUROPEO%20lopd\/DOCUMENTACI%C3%93N%20PRESENCIALES\/Guies\/COOKIES\/windows.microsoft.com\">windows.microsoft.com<\/a><\/td><td>\u00a0<\/td><\/tr><tr><td><strong>Opera<\/strong> <strong> <\/strong><\/td><td> Eines \ud83e\udc6a Prefer\u00e8ncies \ud83e\udc6a Editar prefer\u00e8ncies \ud83e\udc6a Cookies. <\/td><td><a href=\"http:\/\/www.opera.com\/help\/tutorials\/security\/cookies\/\">http:\/\/www.opera.com\/help\/tutorials\/security\/cookies\/<\/a><\/td><td>\u00a0 \u00a0<\/td><\/tr><tr><td><strong> <\/strong> <strong>Safari<\/strong><strong><\/strong> <strong> <\/strong><\/td><td> Prefer\u00e8ncies \ud83e\udc6a Seguretat. <\/td><td><a href=\"http:\/\/www.apple.com\">http:\/\/www.apple.com<\/a><\/td><td>\u00a0<\/td><\/tr><tr><td><strong>Edge<\/strong> <strong> <\/strong><\/td><td> Configuraci\u00f3 \ud83e\udc6a Veure configuraci\u00f3 avan\u00e7ada \ud83e\udc6a Privacitat i serveis \ud83e\udc6a Cookies. <\/td><td><a href=\"https:\/\/privacy.microsoft.com\/es-es\/windows-10-microsoft-edge-and-privacy\">https:\/\/privacy.microsoft.com\/es-es\/windows-10-microsoft-edge-and-privacy<\/a>  <\/td><td>\u00a0<\/td><\/tr><\/tbody><\/table><\/figure>\n","protected":false},"excerpt":{"rendered":"<p>Qu\u00e8 s\u00f3n les cookies? Les cookies s\u00f3n petits arxius de dades que es reben en el terminal des del lloc web visitat i s&#8217;usen per a registrar certes interaccions de la navegaci\u00f3 en un lloc web emmagatzemant dades que podran ser actualitzats i recuperats. Aquests arxius s&#8217;emmagatzemen en l&#8217;ordinador de l&#8217;usuari i cont\u00e9 dades an\u00f2nimes [&hellip;]<\/p>\n","protected":false},"author":3,"featured_media":0,"parent":0,"menu_order":0,"comment_status":"closed","ping_status":"closed","template":"","meta":{"_joinchat":[],"footnotes":""},"class_list":["post-452","page","type-page","status-publish","hentry"],"yoast_head":"<!-- This site is optimized with the Yoast SEO plugin v26.9 - https:\/\/yoast.com\/product\/yoast-seo-wordpress\/ -->\n<title>Pol\u00edtica de cookies - Batlle Packaging<\/title>\n<meta name=\"robots\" content=\"index, follow, max-snippet:-1, max-image-preview:large, max-video-preview:-1\" \/>\n<link rel=\"canonical\" href=\"https:\/\/www.batllepackaging.cat\/ca\/politica-de-cookies\/\" \/>\n<meta property=\"og:locale\" content=\"ca_ES\" \/>\n<meta property=\"og:type\" content=\"article\" \/>\n<meta property=\"og:title\" content=\"Pol\u00edtica de cookies - Batlle Packaging\" \/>\n<meta property=\"og:description\" content=\"Qu\u00e8 s\u00f3n les cookies? Les cookies s\u00f3n petits arxius de dades que es reben en el terminal des del lloc web visitat i s&#8217;usen per a registrar certes interaccions de la navegaci\u00f3 en un lloc web emmagatzemant dades que podran ser actualitzats i recuperats. Aquests arxius s&#8217;emmagatzemen en l&#8217;ordinador de l&#8217;usuari i cont\u00e9 dades an\u00f2nimes [&hellip;]\" \/>\n<meta property=\"og:url\" content=\"https:\/\/www.batllepackaging.cat\/ca\/politica-de-cookies\/\" \/>\n<meta property=\"og:site_name\" content=\"Batlle Packaging\" \/>\n<meta property=\"article:modified_time\" content=\"2023-11-29T07:08:32+00:00\" \/>\n<meta name=\"twitter:card\" content=\"summary_large_image\" \/>\n<meta name=\"twitter:label1\" content=\"Temps estimat de lectura\" \/>\n\t<meta name=\"twitter:data1\" content=\"4 minuts\" \/>\n<script type=\"application\/ld+json\" class=\"yoast-schema-graph\">{\"@context\":\"https:\/\/schema.org\",\"@graph\":[{\"@type\":\"WebPage\",\"@id\":\"https:\/\/www.batllepackaging.cat\/ca\/politica-de-cookies\/\",\"url\":\"https:\/\/www.batllepackaging.cat\/ca\/politica-de-cookies\/\",\"name\":\"Pol\u00edtica de cookies - Batlle Packaging\",\"isPartOf\":{\"@id\":\"https:\/\/www.batllepackaging.cat\/#website\"},\"datePublished\":\"2023-04-28T08:28:34+00:00\",\"dateModified\":\"2023-11-29T07:08:32+00:00\",\"breadcrumb\":{\"@id\":\"https:\/\/www.batllepackaging.cat\/ca\/politica-de-cookies\/#breadcrumb\"},\"inLanguage\":\"ca\",\"potentialAction\":[{\"@type\":\"ReadAction\",\"target\":[\"https:\/\/www.batllepackaging.cat\/ca\/politica-de-cookies\/\"]}]},{\"@type\":\"BreadcrumbList\",\"@id\":\"https:\/\/www.batllepackaging.cat\/ca\/politica-de-cookies\/#breadcrumb\",\"itemListElement\":[{\"@type\":\"ListItem\",\"position\":1,\"name\":\"Portada\",\"item\":\"https:\/\/www.batllepackaging.cat\/\"},{\"@type\":\"ListItem\",\"position\":2,\"name\":\"Pol\u00edtica de cookies\"}]},{\"@type\":\"WebSite\",\"@id\":\"https:\/\/www.batllepackaging.cat\/#website\",\"url\":\"https:\/\/www.batllepackaging.cat\/\",\"name\":\"Batlle Packaging\",\"description\":\"\",\"publisher\":{\"@id\":\"https:\/\/www.batllepackaging.cat\/#organization\"},\"potentialAction\":[{\"@type\":\"SearchAction\",\"target\":{\"@type\":\"EntryPoint\",\"urlTemplate\":\"https:\/\/www.batllepackaging.cat\/?s={search_term_string}\"},\"query-input\":{\"@type\":\"PropertyValueSpecification\",\"valueRequired\":true,\"valueName\":\"search_term_string\"}}],\"inLanguage\":\"ca\"},{\"@type\":\"Organization\",\"@id\":\"https:\/\/www.batllepackaging.cat\/#organization\",\"name\":\"Batlle Packaging\",\"url\":\"https:\/\/www.batllepackaging.cat\/\",\"logo\":{\"@type\":\"ImageObject\",\"inLanguage\":\"ca\",\"@id\":\"https:\/\/www.batllepackaging.cat\/#\/schema\/logo\/image\/\",\"url\":\"https:\/\/www.batllepackaging.cat\/web\/wp-content\/uploads\/2023\/03\/logoBatllePackaging.png\",\"contentUrl\":\"https:\/\/www.batllepackaging.cat\/web\/wp-content\/uploads\/2023\/03\/logoBatllePackaging.png\",\"width\":1444,\"height\":252,\"caption\":\"Batlle Packaging\"},\"image\":{\"@id\":\"https:\/\/www.batllepackaging.cat\/#\/schema\/logo\/image\/\"}}]}<\/script>\n<!-- \/ Yoast SEO plugin. -->","yoast_head_json":{"title":"Pol\u00edtica de cookies - Batlle Packaging","robots":{"index":"index","follow":"follow","max-snippet":"max-snippet:-1","max-image-preview":"max-image-preview:large","max-video-preview":"max-video-preview:-1"},"canonical":"https:\/\/www.batllepackaging.cat\/ca\/politica-de-cookies\/","og_locale":"ca_ES","og_type":"article","og_title":"Pol\u00edtica de cookies - Batlle Packaging","og_description":"Qu\u00e8 s\u00f3n les cookies? Les cookies s\u00f3n petits arxius de dades que es reben en el terminal des del lloc web visitat i s&#8217;usen per a registrar certes interaccions de la navegaci\u00f3 en un lloc web emmagatzemant dades que podran ser actualitzats i recuperats. Aquests arxius s&#8217;emmagatzemen en l&#8217;ordinador de l&#8217;usuari i cont\u00e9 dades an\u00f2nimes [&hellip;]","og_url":"https:\/\/www.batllepackaging.cat\/ca\/politica-de-cookies\/","og_site_name":"Batlle Packaging","article_modified_time":"2023-11-29T07:08:32+00:00","twitter_card":"summary_large_image","twitter_misc":{"Temps estimat de lectura":"4 minuts"},"schema":{"@context":"https:\/\/schema.org","@graph":[{"@type":"WebPage","@id":"https:\/\/www.batllepackaging.cat\/ca\/politica-de-cookies\/","url":"https:\/\/www.batllepackaging.cat\/ca\/politica-de-cookies\/","name":"Pol\u00edtica de cookies - Batlle Packaging","isPartOf":{"@id":"https:\/\/www.batllepackaging.cat\/#website"},"datePublished":"2023-04-28T08:28:34+00:00","dateModified":"2023-11-29T07:08:32+00:00","breadcrumb":{"@id":"https:\/\/www.batllepackaging.cat\/ca\/politica-de-cookies\/#breadcrumb"},"inLanguage":"ca","potentialAction":[{"@type":"ReadAction","target":["https:\/\/www.batllepackaging.cat\/ca\/politica-de-cookies\/"]}]},{"@type":"BreadcrumbList","@id":"https:\/\/www.batllepackaging.cat\/ca\/politica-de-cookies\/#breadcrumb","itemListElement":[{"@type":"ListItem","position":1,"name":"Portada","item":"https:\/\/www.batllepackaging.cat\/"},{"@type":"ListItem","position":2,"name":"Pol\u00edtica de cookies"}]},{"@type":"WebSite","@id":"https:\/\/www.batllepackaging.cat\/#website","url":"https:\/\/www.batllepackaging.cat\/","name":"Batlle Packaging","description":"","publisher":{"@id":"https:\/\/www.batllepackaging.cat\/#organization"},"potentialAction":[{"@type":"SearchAction","target":{"@type":"EntryPoint","urlTemplate":"https:\/\/www.batllepackaging.cat\/?s={search_term_string}"},"query-input":{"@type":"PropertyValueSpecification","valueRequired":true,"valueName":"search_term_string"}}],"inLanguage":"ca"},{"@type":"Organization","@id":"https:\/\/www.batllepackaging.cat\/#organization","name":"Batlle Packaging","url":"https:\/\/www.batllepackaging.cat\/","logo":{"@type":"ImageObject","inLanguage":"ca","@id":"https:\/\/www.batllepackaging.cat\/#\/schema\/logo\/image\/","url":"https:\/\/www.batllepackaging.cat\/web\/wp-content\/uploads\/2023\/03\/logoBatllePackaging.png","contentUrl":"https:\/\/www.batllepackaging.cat\/web\/wp-content\/uploads\/2023\/03\/logoBatllePackaging.png","width":1444,"height":252,"caption":"Batlle Packaging"},"image":{"@id":"https:\/\/www.batllepackaging.cat\/#\/schema\/logo\/image\/"}}]}},"_links":{"self":[{"href":"https:\/\/www.batllepackaging.cat\/ca\/wp-json\/wp\/v2\/pages\/452","targetHints":{"allow":["GET"]}}],"collection":[{"href":"https:\/\/www.batllepackaging.cat\/ca\/wp-json\/wp\/v2\/pages"}],"about":[{"href":"https:\/\/www.batllepackaging.cat\/ca\/wp-json\/wp\/v2\/types\/page"}],"author":[{"embeddable":true,"href":"https:\/\/www.batllepackaging.cat\/ca\/wp-json\/wp\/v2\/users\/3"}],"replies":[{"embeddable":true,"href":"https:\/\/www.batllepackaging.cat\/ca\/wp-json\/wp\/v2\/comments?post=452"}],"version-history":[{"count":4,"href":"https:\/\/www.batllepackaging.cat\/ca\/wp-json\/wp\/v2\/pages\/452\/revisions"}],"predecessor-version":[{"id":672,"href":"https:\/\/www.batllepackaging.cat\/ca\/wp-json\/wp\/v2\/pages\/452\/revisions\/672"}],"wp:attachment":[{"href":"https:\/\/www.batllepackaging.cat\/ca\/wp-json\/wp\/v2\/media?parent=452"}],"curies":[{"name":"wp","href":"https:\/\/api.w.org\/{rel}","templated":true}]}}